{"id":3585,"date":"2023-06-01T09:20:43","date_gmt":"2023-06-01T09:20:43","guid":{"rendered":"https:\/\/demo.libelnet.net\/sjerjacobs\/biografie\/"},"modified":"2023-10-06T08:42:30","modified_gmt":"2023-10-06T08:42:30","slug":"biografie","status":"publish","type":"page","link":"https:\/\/sjerjacobs.com\/de\/biografie\/","title":{"rendered":"Biografie"},"content":{"rendered":"\n<p>Meine Faszination f\u00fcr Menschen wuchs schon fr\u00fch aus dem Zeichnen. Die Portr\u00e4ts, die ich auf der Akademie machte, wuchsen wie von selbst zu ganzen Menschen Stoff im \u00dcberfluss, denn ich liebe es mich Menschen anzusehen, fast ohne Scham, Gesichter, Haltungen, Bewegungen und ihr gegenseitiges Verhalten. Ein Galeriebesitzer machte mal die Bemerkung, ich verschlinge quasi die Menschen mit meinen Augen. Da ist was wahres drin. Die Bilder, die ich sehe, speichere ich in meinem Gehirn, um dann noch kaum daran zu denken Aber, in dem Augenblick, da ich sie brauche, springen sie wieder zum Vorschein und verwandeln sie in Farbe, Ton oder Gipsfigur. Genauso schamlos wie ich sie gespeichert habe.<\/p>\n\n<p>Von diesem Augenblick an f\u00fchren sie ihr eigenes Leben. Sie erz\u00e4hlen ihre eigene Geschichte. Sie rufen Emotionen hervor, verf\u00fchren zu Betrachtungen. Der eine oder andere erkennt seine Nachbarin oder seinen Gro\u00dfneffen wieder. Ich soll dar\u00fcber etwas sagen? Aber bitte, Kunst soll f\u00fcr sich sprechen und muss nicht erl\u00e4utert werden.<\/p>\n\n<p>Au\u00dferdem hege ich eine Faszination f\u00fcr Materialien und Techniken. Stelle mich in eine egal welche Werkstatt und von allen Seiten springen jede Menge neue Ideen auf mich zu.<\/p>\n","protected":false},"excerpt":{"rendered":"<p>Meine Faszination f\u00fcr Menschen wuchs schon fr\u00fch aus dem Zeichnen. Die Portr\u00e4ts, die ich auf der Akademie machte, wuchsen wie von selbst zu ganzen Menschen Stoff im \u00dcberfluss, denn ich liebe es mich Menschen anzusehen, fast ohne Scham, Gesichter, Haltungen, Bewegungen und ihr gegenseitiges Verhalten. Ein Galeriebesitzer machte mal die Bemerkung, ich verschlinge quasi die [&hellip;]<\/p>\n","protected":false},"author":1,"featured_media":0,"parent":0,"menu_order":0,"comment_status":"closed","ping_status":"closed","template":"","meta":{"_acf_changed":false,"footnotes":""},"class_list":["post-3585","page","type-page","status-publish","hentry"],"acf":[],"_links":{"self":[{"href":"https:\/\/sjerjacobs.com\/de\/wp-json\/wp\/v2\/pages\/3585","targetHints":{"allow":["GET"]}}],"collection":[{"href":"https:\/\/sjerjacobs.com\/de\/wp-json\/wp\/v2\/pages"}],"about":[{"href":"https:\/\/sjerjacobs.com\/de\/wp-json\/wp\/v2\/types\/page"}],"author":[{"embeddable":true,"href":"https:\/\/sjerjacobs.com\/de\/wp-json\/wp\/v2\/users\/1"}],"replies":[{"embeddable":true,"href":"https:\/\/sjerjacobs.com\/de\/wp-json\/wp\/v2\/comments?post=3585"}],"version-history":[{"count":1,"href":"https:\/\/sjerjacobs.com\/de\/wp-json\/wp\/v2\/pages\/3585\/revisions"}],"predecessor-version":[{"id":3586,"href":"https:\/\/sjerjacobs.com\/de\/wp-json\/wp\/v2\/pages\/3585\/revisions\/3586"}],"wp:attachment":[{"href":"https:\/\/sjerjacobs.com\/de\/wp-json\/wp\/v2\/media?parent=3585"}],"curies":[{"name":"wp","href":"https:\/\/api.w.org\/{rel}","templated":true}]}}