{"id":3588,"date":"2023-06-01T09:20:50","date_gmt":"2023-06-01T09:20:50","guid":{"rendered":"https:\/\/demo.libelnet.net\/sjerjacobs\/buecher\/"},"modified":"2026-01-12T08:50:14","modified_gmt":"2026-01-12T08:50:14","slug":"buecher","status":"publish","type":"page","link":"https:\/\/sjerjacobs.com\/de\/buecher\/","title":{"rendered":"B\u00fccher"},"content":{"rendered":"\n<p><em>Veertig (vierzig).<\/em> Buch mit Fotos und Texten von Kees Verbeek bei einer Exposition von vierzig Werken bei der Leidensgeschichte Jesu. In Tegelen, 2010. <\/p>\n\n\n\n<p><em>Het werk verzameld (Das Werk gesammelt)<\/em> \u00dcbersicht \u00fcber die Vielseitigkeit meiner Arbeit als bildender K\u00fcnstler. Geschrieben von Kees Verbeek; 2009 <\/p>\n\n\n\n<p><em>Al wat rijden kann, rijdt (Alles was fahren kann, f\u00e4hrt).<\/em> B\u00fcchlein mit Fotos und entsprechenden Geschichten von Kees Verbeek \u00fcber eine Meute Keramikfiguren, unterwegs auf Motor, Skateboard oder Dreirad. Bei einer Exposition in Maaseik; 2008 <\/p>\n\n\n\n<p><em>Adam, Eva, Sjer.<\/em> Brosch\u00fcre bei einer monastischen Exposition im spanischen Sant Cugat del Vall\u00e8s; 2000<\/p>\n\n\n\n<p>Alle B\u00fccher sind in der Galerie Sjer in Belfeld erh\u00e4ltlich. Sie k\u00f6nnen sie auch \u00fcber E-Mail bestellen und sich zusenden lassen. Versandkosten kommen dann noch dazu.  <\/p>\n\n\n\n<div class=\"wp-block-columns is-layout-flex wp-container-core-columns-is-layout-9d6595d7 wp-block-columns-is-layout-flex\">\n<div class=\"wp-block-column is-layout-flow wp-block-column-is-layout-flow\">\n<figure class=\"wp-block-gallery has-nested-images columns-default is-cropped wp-block-gallery-1 is-layout-flex wp-block-gallery-is-layout-flex\">\n<figure class=\"wp-block-image size-full\"><img loading=\"lazy\" decoding=\"async\" width=\"482\" height=\"482\" data-id=\"7830\" src=\"https:\/\/sjerjacobs.com\/wp-content\/uploads\/2024\/07\/boek-2.png\" alt=\"\" class=\"wp-image-7830\" srcset=\"https:\/\/sjerjacobs.com\/wp-content\/uploads\/2024\/07\/boek-2.png 482w, https:\/\/sjerjacobs.com\/wp-content\/uploads\/2024\/07\/boek-2-300x300.png 300w, https:\/\/sjerjacobs.com\/wp-content\/uploads\/2024\/07\/boek-2-150x150.png 150w\" sizes=\"auto, (max-width: 482px) 100vw, 482px\" \/><\/figure>\n<\/figure>\n<\/div>\n\n\n\n<div class=\"wp-block-column is-layout-flow wp-block-column-is-layout-flow\">\n<figure class=\"wp-block-image size-full\"><img loading=\"lazy\" decoding=\"async\" width=\"425\" height=\"425\" src=\"https:\/\/sjerjacobs.com\/wp-content\/uploads\/2023\/06\/boeken-verzameld.jpg\" alt=\"\" class=\"wp-image-3560\" srcset=\"https:\/\/sjerjacobs.com\/wp-content\/uploads\/2023\/06\/boeken-verzameld.jpg 425w, https:\/\/sjerjacobs.com\/wp-content\/uploads\/2023\/06\/boeken-verzameld-300x300.jpg 300w, https:\/\/sjerjacobs.com\/wp-content\/uploads\/2023\/06\/boeken-verzameld-150x150.jpg 150w\" sizes=\"auto, (max-width: 425px) 100vw, 425px\" \/><\/figure>\n<\/div>\n<\/div>\n","protected":false},"excerpt":{"rendered":"<p>Veertig (vierzig). Buch mit Fotos und Texten von Kees Verbeek bei einer Exposition von vierzig Werken bei der Leidensgeschichte Jesu. In Tegelen, 2010. Het werk verzameld (Das Werk gesammelt) \u00dcbersicht \u00fcber die Vielseitigkeit meiner Arbeit als bildender K\u00fcnstler. Geschrieben von Kees Verbeek; 2009 Al wat rijden kann, rijdt (Alles was fahren kann, f\u00e4hrt). B\u00fcchlein mit [&hellip;]<\/p>\n","protected":false},"author":1,"featured_media":0,"parent":0,"menu_order":0,"comment_status":"closed","ping_status":"closed","template":"","meta":{"_acf_changed":false,"footnotes":""},"class_list":["post-3588","page","type-page","status-publish","hentry"],"acf":[],"_links":{"self":[{"href":"https:\/\/sjerjacobs.com\/de\/wp-json\/wp\/v2\/pages\/3588","targetHints":{"allow":["GET"]}}],"collection":[{"href":"https:\/\/sjerjacobs.com\/de\/wp-json\/wp\/v2\/pages"}],"about":[{"href":"https:\/\/sjerjacobs.com\/de\/wp-json\/wp\/v2\/types\/page"}],"author":[{"embeddable":true,"href":"https:\/\/sjerjacobs.com\/de\/wp-json\/wp\/v2\/users\/1"}],"replies":[{"embeddable":true,"href":"https:\/\/sjerjacobs.com\/de\/wp-json\/wp\/v2\/comments?post=3588"}],"version-history":[{"count":5,"href":"https:\/\/sjerjacobs.com\/de\/wp-json\/wp\/v2\/pages\/3588\/revisions"}],"predecessor-version":[{"id":8026,"href":"https:\/\/sjerjacobs.com\/de\/wp-json\/wp\/v2\/pages\/3588\/revisions\/8026"}],"wp:attachment":[{"href":"https:\/\/sjerjacobs.com\/de\/wp-json\/wp\/v2\/media?parent=3588"}],"curies":[{"name":"wp","href":"https:\/\/api.w.org\/{rel}","templated":true}]}}