{"id":7161,"date":"2023-06-01T12:24:19","date_gmt":"2023-06-01T12:24:19","guid":{"rendered":"https:\/\/demo.libelnet.net\/sjerjacobs2\/algemene-voorwaarden\/"},"modified":"2024-01-05T14:36:35","modified_gmt":"2024-01-05T14:36:35","slug":"allgemeine-bedingungen-und-konditionen","status":"publish","type":"page","link":"https:\/\/sjerjacobs.com\/de\/allgemeine-bedingungen-und-konditionen\/","title":{"rendered":"Allgemeine Bedingungen und Konditionen"},"content":{"rendered":"\n<p>SJER JACOBS BEELDEND KUNSTENAAR BV<\/p>\n\n\n\n<ol class=\"wp-block-list\">\n<li>Allgemein<\/li>\n<\/ol>\n\n\n\n<p>1.1 Die allgemeinen Gesch\u00e4ftsbedingungen gelten f\u00fcr alle Rechtsverh\u00e4ltnisse zwischen Sjer Jacobs Beeldend Kunstenaar BV und der Gegenpartei, es sei denn, die Parteien vereinbaren schriftlich etwas anderes.<\/p>\n\n\n\n<p>1.2 Abweichungen von den allgemeinen Gesch\u00e4ftsbedingungen sind nur g\u00fcltig, wenn sie ausdr\u00fccklich schriftlich zwischen den Parteien vereinbart wurden. Sofern nicht ausdr\u00fccklich schriftlich etwas anderes vereinbart wurde, lehnt Sjer Jacobs Beeldend Kunstenaar BV die Anwendbarkeit der von der Gegenpartei verwendeten Bedingungen ab.<\/p>\n\n\n\n<ol class=\"wp-block-list\" start=\"2\">\n<li>Kunstwerke<\/li>\n<\/ol>\n\n\n\n<p>2.1 Sjer Jacobs Beeldend Kunstenaar BV garantiert, dass sie befugt ist, die Kunstwerke zu verkaufen oder in Kommission zu geben.<\/p>\n\n\n\n<p>2.2 Das geistige Eigentum an den Kunstwerken steht ausschlie\u00dflich der Sjer Jacobs Beeldend Kunstenaar BV zu, auch nachdem die Kunstwerke verkauft worden sind. Der Gegenpartei ist es nicht gestattet, an den Kunstwerken der Sjer Jacobs Beeldend Kunstenaar BV irgendwelche \u00c4nderungen vorzunehmen.<\/p>\n\n\n\n<p>2.3 Kunstwerke d\u00fcrfen ohne vorherige schriftliche Genehmigung von Sjer Jacobs Beeldend Kunstenaar BV nicht zu kommerziellen Zwecken fotografiert oder gefilmt werden.<\/p>\n\n\n\n<p>2.4 Die Kunstwerke bleiben Eigentum der Sjer Jacobs Beeldend Kunstenaar BV, bis der Kaufpreis vollst\u00e4ndig an die Sjer Jacobs Beeldend Kunstenaar BV gezahlt wurde.<\/p>\n\n\n\n<ol class=\"wp-block-list\" start=\"3\">\n<li>\u00dcbergang von Eigentum und Risiko<\/li>\n<\/ol>\n\n\n\n<p>3.1 Vorbehaltlich der Bestimmungen in den folgenden Abs\u00e4tzen dieses Artikels gehen das Eigentum und die Gefahr an den Kunstwerken bei Lieferung auf die Gegenpartei \u00fcber.<\/p>\n\n\n\n<p>3.2 Solange die Gegenpartei nicht den vollen Betrag des Kaufpreises mit eventuellen Zusatzkosten bezahlt hat oder daf\u00fcr keine Sicherheit geleistet hat, beh\u00e4lt die Sjer Jacobs Beeldend Kunstenaar BV das Eigentum an den Kunstwerken. In diesem Fall geht das Eigentum auf die Gegenpartei \u00fcber, sobald die Gegenpartei alle Verpflichtungen gegen\u00fcber Sjer Jacobs Beeldend Kunstenaar BV erf\u00fcllt hat.<\/p>\n\n\n\n<p>3.3 Wenn die Sjer Jacobs Beeldend Kunstenaar BV begr\u00fcndete Zweifel an der Zahlungsf\u00e4higkeit der Gegenpartei hat, ist die Sjer Jacobs Beeldend Kunstenaar BV berechtigt, die Lieferung der Kunstwerke aufzuschieben, bis die Gegenpartei Sicherheit f\u00fcr die Zahlung geleistet hat. Die Gegenpartei haftet f\u00fcr den Schaden, der der Sjer Jacobs Beeldend Kunstenaar BV durch die versp\u00e4tete Lieferung entsteht.<\/p>\n\n\n\n<ol class=\"wp-block-list\" start=\"4\">\n<li>Wiederverkauf<\/li>\n<\/ol>\n\n\n\n<p>4.1 Der K\u00e4ufer ist nicht berechtigt, die Kunstwerke weiterzuverkaufen, wenn die Gegenpartei die Kunstwerke nicht vollst\u00e4ndig an Sjer Jacobs Beeldend Kunstenaar BV bezahlt hat.<\/p>\n\n\n\n<ol class=\"wp-block-list\" start=\"5\">\n<li>Entsch\u00e4digung und Kontrolle beim Weiterverkauf f\u00fcr den Fall, dass die Gegenpartei den Kaufpreis nicht in voller H\u00f6he zahlt<\/li>\n<\/ol>\n\n\n\n<p>5.1 Die Gegenpartei, die gegen die Verpflichtung zur vollst\u00e4ndigen Zahlung des Kaufpreises am Tag der Lieferung verst\u00f6\u00dft, verwirkt zugunsten der Sjer Jacobs Beeldend Kunstenaar BV eine Entsch\u00e4digung f\u00fcr jede Transaktion, die unter Versto\u00df gegen das Verbot des Weiterverkaufs bei nicht vollst\u00e4ndiger Zahlung des Kaufpreises an die Sjer Jacobs Beeldend Kunstenaar BV erfolgt. Die H\u00f6he des Schadens wird von den Parteien im Voraus auf \u20ac. 10.000,00 pro Kunstwerk festgelegt, unbeschadet des Rechts von Sjer Jacobs Beeldend Kunstenaar BV, den vollen Schadenersatz zu fordern.<\/p>\n\n\n\n<p>5.2 Die Sjer Jacobs Beeldend Kunstenaar BV ist berechtigt, die B\u00fccher der Gegenpartei durch einen unabh\u00e4ngigen Wirtschaftspr\u00fcfer pr\u00fcfen zu lassen, um die Einhaltung des Verbots des Weiterverkaufs bei nicht vollst\u00e4ndiger Bezahlung des Kaufpreises zu kontrollieren.<\/p>\n\n\n\n<ol class=\"wp-block-list\" start=\"6\">\n<li>Preis und Bezahlung<\/li>\n<\/ol>\n\n\n\n<p>6.1 Der Kaufpreis bezieht sich auf das Kunstwerk. Der Preis schlie\u00dft die Kosten f\u00fcr Verpackung und Versand nicht ein.<\/p>\n\n\n\n<p>6.2 Die Gegenpartei ist verpflichtet, den Kaufpreis am Tag der Lieferung in voller H\u00f6he zu zahlen. Die Gegenpartei ist nicht berechtigt, wegen einer von der Gegenpartei geltend gemachten Gegenforderung einen Betrag vom Kaufpreis abzuziehen.<\/p>\n\n\n\n<p>6.3 Wenn die Gegenpartei ihrer Zahlungsverpflichtung nicht rechtzeitig nachkommt und auch einer Inverzugsetzung mit einer Frist von einer Woche nicht nachkommt, ist die Sjer Jacobs Beeldend Kunstenaar BV berechtigt, den Kaufvertrag ohne gerichtliche Intervention als aufgel\u00f6st zu betrachten. In diesem Fall haftet die Gegenpartei f\u00fcr den Schaden, den die Sjer Jacobs Beeldend Kunstenaar BV durch die Kosten der Inverzugsetzung erleidet.<\/p>\n\n\n\n<p>6.4 Wenn Sjer Jacobs Beeldend Kunstenaar BV im Falle des Verzugs der Gegenpartei au\u00dfergerichtliche Ma\u00dfnahmen ergreift, gehen die Kosten daf\u00fcr zu Lasten der Gegenpartei. Diese Kosten belaufen sich auf 15 % des Rechnungsbetrags, mindestens jedoch auf \u20ac. 250.00.<\/p>\n\n\n\n<ol class=\"wp-block-list\" start=\"7\">\n<li>Arbeit auf Sicht<\/li>\n<\/ol>\n\n\n\n<p>7.1 Die Gegenpartei ist berechtigt, die Kunstwerke auf eigene Kosten und auf eigenes Risiko in den Wohnungen der potentiellen K\u00e4ufer zu zeigen. Die Gegenpartei ist auch berechtigt, die Kunstwerke vor dem Verkauf potenziellen K\u00e4ufern zur Ansicht zu geben, damit diese entscheiden k\u00f6nnen, ob das Kunstwerk zu ihnen passt. Die Gegenpartei haftet gegen\u00fcber der Sjer Jacobs Beeldend Kunstenaar BV in vollem Umfang f\u00fcr alle Sch\u00e4den, die durch das Zeigen oder \u00dcberlassen von Kunstwerken entstehen.<\/p>\n\n\n\n<ol class=\"wp-block-list\" start=\"8\">\n<li>Aufl\u00f6sung<\/li>\n<\/ol>\n\n\n\n<p>8.1 Unbeschadet der Bestimmungen in Artikel 5 wird der Kaufvertrag ohne gerichtliches Einschreiten nach einer schriftlichen Erkl\u00e4rung zu dem Zeitpunkt aufgel\u00f6st, an dem die Gegenpartei f\u00fcr insolvent erkl\u00e4rt wird, einen (vorl\u00e4ufigen) Zahlungsaufschub beantragt oder ein Antrag auf Anwendung der Umschuldungsregelung vom Gericht bewilligt wird oder durch Pf\u00e4ndung, Konkursverwaltung oder auf andere Weise die Verf\u00fcgungsgewalt \u00fcber ihr Verm\u00f6gen oder Teile davon verliert, es sei denn, der Konkursverwalter oder Treuh\u00e4nder erkennt die Verpflichtungen aus diesem Kaufvertrag als Nachlassschulden an.<\/p>\n\n\n\n<p>8.2 Durch die Aufl\u00f6sung werden die gegenseitig bestehenden Forderungen sofort f\u00e4llig und zahlbar. Die Gegenpartei haftet f\u00fcr den von Sjer Jacobs Beeldend Kunstenaar BV erlittenen Schaden, einschlie\u00dflich entgangenem Gewinn und Transportkosten.<\/p>\n\n\n\n<ol class=\"wp-block-list\" start=\"9\">\n<li>Anwendbares Recht<\/li>\n<\/ol>\n\n\n\n<p>9.1 Dieser Vertrag unterliegt dem niederl\u00e4ndischen Recht.<\/p>\n\n\n\n<ol class=\"wp-block-list\" start=\"10\">\n<li>Anwendbarkeit der Allgemeinen Gesch\u00e4ftsbedingungen (AGB)<\/li>\n<\/ol>\n\n\n\n<p>10.1 Diese allgemeinen Gesch\u00e4ftsbedingungen gelten f\u00fcr alle Angebote und Annahmen seitens der Sjer Jacobs Beeldend Kunstenaar BV. Soweit die Sjer Jacobs Beeldend Kunstenaar BV in ihrem Angebot oder ihrer Annahme auf andere Bedingungen verweist, wird deren Anwendbarkeit ausdr\u00fccklich abgelehnt.<\/p>\n\n\n\n<ol class=\"wp-block-list\" start=\"11\">\n<li>Rechtsstreitigkeiten<\/li>\n<\/ol>\n\n\n\n<p>11.1 Eine Streitigkeit gilt als gegeben, sobald eine der Parteien dies erkl\u00e4rt.<\/p>\n\n\n\n<p>11.2 F\u00fcr alle Streitigkeiten, die sich zwischen den Parteien aus ihrem Vertrag oder aus sich daraus ergebenden weiteren Vertr\u00e4gen oder aus einem anderen bestehenden oder k\u00fcnftigen Rechtsverh\u00e4ltnis ergeben k\u00f6nnen, wie zum Beispiel, aber nicht ausschlie\u00dflich, in Bezug auf unerlaubte Handlungen, ungerechtfertigte Zahlungen und ungerechtfertigte Bereicherung, ist das Bezirksgericht Roermond zust\u00e4ndig, es sei denn, dass zwingende Zust\u00e4ndigkeitsvorschriften dieser Wahl entgegenstehen.<\/p>\n","protected":false},"excerpt":{"rendered":"<p>SJER JACOBS BEELDEND KUNSTENAAR BV 1.1 Die allgemeinen Gesch\u00e4ftsbedingungen gelten f\u00fcr alle Rechtsverh\u00e4ltnisse zwischen Sjer Jacobs Beeldend Kunstenaar BV und der Gegenpartei, es sei denn, die Parteien vereinbaren schriftlich etwas anderes. 1.2 Abweichungen von den allgemeinen Gesch\u00e4ftsbedingungen sind nur g\u00fcltig, wenn sie ausdr\u00fccklich schriftlich zwischen den Parteien vereinbart wurden. Sofern nicht ausdr\u00fccklich schriftlich etwas anderes [&hellip;]<\/p>\n","protected":false},"author":1,"featured_media":0,"parent":0,"menu_order":0,"comment_status":"closed","ping_status":"closed","template":"","meta":{"_acf_changed":false,"footnotes":""},"class_list":["post-7161","page","type-page","status-publish","hentry"],"acf":[],"_links":{"self":[{"href":"https:\/\/sjerjacobs.com\/de\/wp-json\/wp\/v2\/pages\/7161","targetHints":{"allow":["GET"]}}],"collection":[{"href":"https:\/\/sjerjacobs.com\/de\/wp-json\/wp\/v2\/pages"}],"about":[{"href":"https:\/\/sjerjacobs.com\/de\/wp-json\/wp\/v2\/types\/page"}],"author":[{"embeddable":true,"href":"https:\/\/sjerjacobs.com\/de\/wp-json\/wp\/v2\/users\/1"}],"replies":[{"embeddable":true,"href":"https:\/\/sjerjacobs.com\/de\/wp-json\/wp\/v2\/comments?post=7161"}],"version-history":[{"count":4,"href":"https:\/\/sjerjacobs.com\/de\/wp-json\/wp\/v2\/pages\/7161\/revisions"}],"predecessor-version":[{"id":7171,"href":"https:\/\/sjerjacobs.com\/de\/wp-json\/wp\/v2\/pages\/7161\/revisions\/7171"}],"wp:attachment":[{"href":"https:\/\/sjerjacobs.com\/de\/wp-json\/wp\/v2\/media?parent=7161"}],"curies":[{"name":"wp","href":"https:\/\/api.w.org\/{rel}","templated":true}]}}